{"id":705,"date":"2020-01-16T12:00:09","date_gmt":"2020-01-16T12:00:09","guid":{"rendered":"http:\/\/glacio-live.ap4net.at\/?page_id=705"},"modified":"2020-03-08T21:51:48","modified_gmt":"2020-03-08T21:51:48","slug":"about-2","status":"publish","type":"page","link":"https:\/\/glacio-live.ap4net.at\/index.php\/de\/about-2\/","title":{"rendered":"\u00dcber uns"},"content":{"rendered":"<p>In den letzten Jahrzehnten haben die Alpengletscher in beispielloser Geschwindigkeit an Masse verloren. Sowohl in der wissenschaftlichen Literatur als auch in den Medien werden Massenver\u00e4nderungen von Gletschern h\u00e4ufig zur Visualisierung des Klimawandels verwendet. Quantitave Informationen \u00fcber die tats\u00e4chlichen Massen\u00e4nderungen bestimmter Gletscher sind jedoch nicht verf\u00fcgbar, bevor die j\u00e4hrlichen Messungen im Sp\u00e4tsommer durchgef\u00fchrt wurden.<\/p>\n<p>Ziel von Glacio-Live ist es, dieses Informationsdefizit zu verringern, indem ein weitestgehend automatisches Gletschermesssystem installiert wird, mit dem die \u00c4nderungen der Gletschermasse t\u00e4glich oder st\u00fcndlich gemessen und berechnet und die Ergebnisse im Internet einer breiteren \u00d6ffentlichkeit pr\u00e4sentiert werden k\u00f6nnen .<\/p>\n<p>Die Entwicklung dieses zeitnahen Gletscherinformationssystems umfasst die folgenden Schritte:<\/p>\n<ul>\n<li>Um die Daten der Stationen auf den Gletschern in Echtzeit verf\u00fcgbar zu machen, werden TGM-Studierende ein peripheres drahtloses Datennetz entwickeln, das unter den rauen klimatischen Bedingungen einer alpinen Umgebung betrieben werden kann.<\/li>\n<li>Forscher des ZAMG werden ein Datenassimilierungsverfahren entwickeln, bei dem Daten von automatischen Kameras sowie meteorologischen und glaziologischen Stationen in ein glazioklimatologisches Modell einflie\u00dfen, mit dessen Hilfe die aktuelle Massen\u00e4nderungsrate der Gletscher berechnet wird. In einem letzten Schritt werden TGM-Studierende eine Website entwickeln, auf der der aktuelle Zustand des Gletschers einer breiteren \u00d6ffentlichkeit vorgestellt wird.<\/li>\n<li>Das im Rahmen dieses Forschungsprojekts an Alpengletschern erprobte drahtlose Datennetz wird langfristig an Gletschern in der Arktis (z. B. am Freya-Gletscher in Nordostgr\u00f6nland, der regelm\u00e4\u00dfig vom ZAMG gemessen wird) installiert, wo die potenziellen Einsparungen liegen wird aufgrund der gro\u00dfen Entfernungen und hohen Reisekosten noch h\u00f6her sein.<\/li>\n<\/ul>\n<p>Dieses Forschungsprojekt wird vom \u00f6sterreichischen Bundesministerium f\u00fcr Wissenschaft, Forschung und Wirtschaft im Rahmen des Forschungsprogramms Sparkling Science gef\u00f6rdert.<\/p>\n<blockquote>\n<p>Entwicklung eines zeitnahen Informationssystems zum aktuellen Stand der Massenver\u00e4nderung von \u00d6sterreichs gr\u00f6\u00dftem Gletscher Pasterze und kleinen Gletschern rund um das Sonnblick-Observatorium.<\/p>\n<p><strong>Projektziele:<\/strong><\/p>\n<\/blockquote>\n<ul>\n<li>Entwicklung eines peripheren drahtlosen Datennetzes, das in enger Zusammenarbeit mit Studierenden der TGM Wien auf Gletschern operieren kann.<\/li>\n<li>Installation aller notwendigen automatischen Sensoren am Gletscher zur Messung des tats\u00e4chlichen Massengleichgewichts des Gletschers in nahezu Echtzeit.<\/li>\n<li>Entwicklung eines Modells, um diese wenigen Punktmessungen auf einen gletscherweiten Massenbilanzwert zu \u00fcbertragen und die Modellausgabe auf einer Website darzustellen.<\/li>\n<\/ul>\n\n\n<\/p>\n<p style=\"text-align: justify;\">In den letzten Jahrzehnten haben die Alpengletscher in beispielloser Geschwindigkeit an Masse verloren. Sowohl in der wissenschaftlichen Literatur als auch in den Medien werden Massenver\u00e4nderungen von Gletschern h\u00e4ufig zur Visualisierung des Klimawandels verwendet. Quantitave Informationen \u00fcber die tats\u00e4chlichen Massen\u00e4nderungen bestimmter Gletscher sind jedoch nicht verf\u00fcgbar, bevor die j\u00e4hrlichen Messungen im Sp\u00e4tsommer durchgef\u00fchrt wurden.<\/p>\n<p style=\"text-align: justify;\">\n\n\n<p><\/p>\n\n\n<\/p>\n<p style=\"text-align: justify;\">Ziel von Glacio-Live ist es, dieses Informationsdefizit zu verringern, indem ein weitestgehend automatisches Gletschermesssystem installiert wird, mit dem die \u00c4nderungen der Gletschermasse t\u00e4glich oder st\u00fcndlich gemessen und berechnet und die Ergebnisse im Internet einer breiteren \u00d6ffentlichkeit pr\u00e4sentiert werden k\u00f6nnen .<\/p>\n<p style=\"text-align: justify;\">\n\n\n<p><\/p>\n\n\n<\/p>\n<p style=\"text-align: justify;\">Die Entwicklung dieses zeitnahen Gletscherinformationssystems umfasst die folgenden Schritte:<\/p>\n<p style=\"text-align: justify;\">\n\n\n<p><\/p>\n\n\n<\/p>\n<ul style=\"text-align: justify;\">\n<li>Um die Daten der Stationen auf den Gletschern in Echtzeit verf\u00fcgbar zu machen, werden TGM-Studierende ein peripheres drahtloses Datennetz entwickeln, das unter den rauen klimatischen Bedingungen einer alpinen Umgebung betrieben werden kann.<\/li>\n<li>Forscher des ZAMG werden ein Datenassimilierungsverfahren entwickeln, bei dem Daten von automatischen Kameras sowie meteorologischen und glaziologischen Stationen in ein glazioklimatologisches Modell einflie\u00dfen, mit dessen Hilfe die aktuelle Massen\u00e4nderungsrate der Gletscher berechnet wird. In einem letzten Schritt werden TGM-Studierende eine Website entwickeln, auf der der aktuelle Zustand des Gletschers einer breiteren \u00d6ffentlichkeit vorgestellt wird.<\/li>\n<li>Das im Rahmen dieses Forschungsprojekts an Alpengletschern erprobte drahtlose Datennetz wird langfristig an Gletschern in der Arktis (z. B. am Freya-Gletscher in Nordostgr\u00f6nland, der regelm\u00e4\u00dfig vom ZAMG gemessen wird) installiert, wo die potenziellen Einsparungen liegen wird aufgrund der gro\u00dfen Entfernungen und hohen Reisekosten noch h\u00f6her sein.<\/li>\n<\/ul>\n<p style=\"text-align: justify;\">\n\n\n<p><\/p>\n\n\n<\/p>\n<p style=\"text-align: justify;\">Dieses Forschungsprojekt wird vom \u00f6sterreichischen Bundesministerium f\u00fcr Wissenschaft, Forschung und Wirtschaft im Rahmen des Forschungsprogramms Sparkling Science gef\u00f6rdert.<\/p>\n<p style=\"text-align: justify;\">\n\n\n<p><\/p>\n\n\n<\/p>\n<blockquote>\n<p>Entwicklung eines zeitnahen Informationssystems zum aktuellen Stand der Massenver\u00e4nderung von \u00d6sterreichs gr\u00f6\u00dftem Gletscher Pasterze und kleinen Gletschern rund um das Sonnblick-Observatorium.<\/p>\n<p><strong>Projektziele:<\/strong><\/p>\n<\/blockquote>\n<ul style=\"text-align: justify;\">\n<li>Entwicklung eines peripheren drahtlosen Datennetzes, das in enger Zusammenarbeit mit Studierenden der TGM Wien auf Gletschern operieren kann.<\/li>\n<li>Installation aller notwendigen automatischen Sensoren am Gletscher zur Messung des tats\u00e4chlichen Massengleichgewichts des Gletschers in nahezu Echtzeit.<\/li>\n<li>Entwicklung eines Modells, um diese wenigen Punktmessungen auf einen gletscherweiten Massenbilanzwert zu \u00fcbertragen und die Modellausgabe auf einer Website darzustellen.<br \/><\/li>\n<\/ul>\n<p>\n\n\n<p><\/p>\n\n\n<p><\/p>\n\n\n<p><\/p>","protected":false},"excerpt":{"rendered":"<p>In den letzten Jahrzehnten haben die Alpengletscher in beispielloser Geschwindigkeit an Masse verloren. Sowohl in der wissenschaftlichen Literatur als auch in den Medien werden Massenver\u00e4nderungen &hellip; <\/p>\n<p class=\"link-more\"><a href=\"https:\/\/glacio-live.ap4net.at\/index.php\/de\/about-2\/\" class=\"more-link\">Continue reading<span class=\"screen-reader-text\"> &#8220;\u00dcber uns&#8221;<\/span><\/a><\/p>\n","protected":false},"author":1,"featured_media":0,"parent":0,"menu_order":0,"comment_status":"closed","ping_status":"closed","template":"","meta":{"footnotes":""},"class_list":["post-705","page","type-page","status-publish","hentry"],"_links":{"self":[{"href":"https:\/\/glacio-live.ap4net.at\/index.php\/wp-json\/wp\/v2\/pages\/705","targetHints":{"allow":["GET"]}}],"collection":[{"href":"https:\/\/glacio-live.ap4net.at\/index.php\/wp-json\/wp\/v2\/pages"}],"about":[{"href":"https:\/\/glacio-live.ap4net.at\/index.php\/wp-json\/wp\/v2\/types\/page"}],"author":[{"embeddable":true,"href":"https:\/\/glacio-live.ap4net.at\/index.php\/wp-json\/wp\/v2\/users\/1"}],"replies":[{"embeddable":true,"href":"https:\/\/glacio-live.ap4net.at\/index.php\/wp-json\/wp\/v2\/comments?post=705"}],"version-history":[{"count":19,"href":"https:\/\/glacio-live.ap4net.at\/index.php\/wp-json\/wp\/v2\/pages\/705\/revisions"}],"predecessor-version":[{"id":1783,"href":"https:\/\/glacio-live.ap4net.at\/index.php\/wp-json\/wp\/v2\/pages\/705\/revisions\/1783"}],"wp:attachment":[{"href":"https:\/\/glacio-live.ap4net.at\/index.php\/wp-json\/wp\/v2\/media?parent=705"}],"curies":[{"name":"wp","href":"https:\/\/api.w.org\/{rel}","templated":true}]}}