{"id":755,"date":"2020-01-16T13:18:13","date_gmt":"2020-01-16T13:18:13","guid":{"rendered":"http:\/\/glacio-live.ap4net.at\/?page_id=755"},"modified":"2020-03-04T23:35:40","modified_gmt":"2020-03-04T23:35:40","slug":"kleinfleiskees-d","status":"publish","type":"page","link":"https:\/\/glacio-live.ap4net.at\/index.php\/de\/kleinfleiskees-d\/","title":{"rendered":"Kleinflei\u00dfkees"},"content":{"rendered":"\t\t<div data-elementor-type=\"wp-page\" data-elementor-id=\"755\" class=\"elementor elementor-755\">\n\t\t\t\t\t\t<section class=\"elementor-section elementor-top-section elementor-element elementor-element-ad5012e elementor-section-boxed elementor-section-height-default elementor-section-height-default\" data-id=\"ad5012e\" data-element_type=\"section\">\n\t\t\t\t\t\t<div class=\"elementor-container elementor-column-gap-default\">\n\t\t\t\t\t<div class=\"elementor-column elementor-col-100 elementor-top-column elementor-element elementor-element-7e9440c\" data-id=\"7e9440c\" data-element_type=\"column\">\n\t\t\t<div class=\"elementor-widget-wrap elementor-element-populated\">\n\t\t\t\t\t\t<div class=\"elementor-element elementor-element-db1bba1 elementor-tabs-view-horizontal elementor-widget elementor-widget-tabs\" data-id=\"db1bba1\" data-element_type=\"widget\" data-widget_type=\"tabs.default\">\n\t\t\t\t<div class=\"elementor-widget-container\">\n\t\t\t\t\t\t\t<div class=\"elementor-tabs\">\n\t\t\t<div class=\"elementor-tabs-wrapper\" role=\"tablist\" >\n\t\t\t\t\t\t\t\t\t<div id=\"elementor-tab-title-2291\" class=\"elementor-tab-title elementor-tab-desktop-title\" aria-selected=\"true\" data-tab=\"1\" role=\"tab\" tabindex=\"0\" aria-controls=\"elementor-tab-content-2291\" aria-expanded=\"false\">Kleinflei\u00dfkees<\/div>\n\t\t\t\t\t\t\t\t\t<div id=\"elementor-tab-title-2292\" class=\"elementor-tab-title elementor-tab-desktop-title\" aria-selected=\"false\" data-tab=\"2\" role=\"tab\" tabindex=\"-1\" aria-controls=\"elementor-tab-content-2292\" aria-expanded=\"false\">360\u00b0-Tour<\/div>\n\t\t\t\t\t\t\t\t\t<div id=\"elementor-tab-title-2293\" class=\"elementor-tab-title elementor-tab-desktop-title\" aria-selected=\"false\" data-tab=\"3\" role=\"tab\" tabindex=\"-1\" aria-controls=\"elementor-tab-content-2293\" aria-expanded=\"false\">Webcam 1<\/div>\n\t\t\t\t\t\t\t\t\t<div id=\"elementor-tab-title-2294\" class=\"elementor-tab-title elementor-tab-desktop-title\" aria-selected=\"false\" data-tab=\"4\" role=\"tab\" tabindex=\"-1\" aria-controls=\"elementor-tab-content-2294\" aria-expanded=\"false\">Webcam 2<\/div>\n\t\t\t\t\t\t\t\t\t<div id=\"elementor-tab-title-2295\" class=\"elementor-tab-title elementor-tab-desktop-title\" aria-selected=\"false\" data-tab=\"5\" role=\"tab\" tabindex=\"-1\" aria-controls=\"elementor-tab-content-2295\" aria-expanded=\"false\">Daten<\/div>\n\t\t\t\t\t\t\t<\/div>\n\t\t\t<div class=\"elementor-tabs-content-wrapper\" role=\"tablist\" aria-orientation=\"vertical\">\n\t\t\t\t\t\t\t\t\t<div class=\"elementor-tab-title elementor-tab-mobile-title\" aria-selected=\"true\" data-tab=\"1\" role=\"tab\" tabindex=\"0\" aria-controls=\"elementor-tab-content-2291\" aria-expanded=\"false\">Kleinflei\u00dfkees<\/div>\n\t\t\t\t\t<div id=\"elementor-tab-content-2291\" class=\"elementor-tab-content elementor-clearfix\" data-tab=\"1\" role=\"tabpanel\" aria-labelledby=\"elementor-tab-title-2291\" tabindex=\"0\" hidden=\"false\"><div style=\"display: flex; justify-content: center;\"><video style=\"width: 60%;\" src=\"http:\/\/116.203.240.45\/wordpress\/wp-content\/uploads\/2020\/02\/FLK.mp4\" autoplay=\"autoplay\" loop=\"loop\" muted=\"muted\" width=\"60%\"><\/video><\/div>\n<h3><span style=\"color: #000000;\">Geschichte<\/span><\/h3>\n<p style=\"text-align: justify;\"><span style=\"color: #000000;\">Das Kleinflei\u00dfkees mit einer Gesamtfl\u00e4che von 0,79 km\u00b2 (2015) liegt in den Hohen Tauern als Teil der \u00f6sterreichischen Alpen. Der Gletscher bedeckt einen H\u00f6henbereich von 2700 bis 3050 m \u00fcber dem Meeresspiegel, ist W ausgesetzt und m\u00fcndet in die M\u00f6ll. Zwischen 1850 und 2015 verlor Kleinflei\u00dfkees 59% der vergletscherten Fl\u00e4che. Die Messungen der Massenbilanz begannen 1998\/99. Der mittlere j\u00e4hrliche Massenverlust \u00fcber den gesamten Untersuchungszeitraum betr\u00e4gt 0,7 m w.e. a<sup>-1<\/sup> und 0,8 m w.e. a<sup>-1<\/sup> f\u00fcr das letzte Jahrzehnt. Nur zwei Jahre (2004 und 2014) weisen eine positive mittlere j\u00e4hrliche Massenbilanz auf. Die Mittelwerte (1981 &#8211; 2010) der Jahrestemperatur und des Niederschlags an der nahe gelegenen Station Sonnblick (3105 m \u00fc.M.) betragen -5,0 \u00b0 C und 2114 mm. Im Herbst 2002 ereignete sich ein Eisfallereignis. Die Gletscherzunge bricht \u00fcber eine Stufe im Grundgestein ab. In den letzten Jahren hat sich der Gletscher oberhalb des Steilhangs zur\u00fcckgezogen. Der mittlere R\u00fcckzug der Frontvariante zwischen 1980 und 2018 betr\u00e4gt 11 m. Im letzten Jahrzehnt betrug der mittlere R\u00fcckzug 3 m.<\/span><\/p>\n<a href=\"http:\/\/glacio-live.at\/blog\/kleinfleisskess-history\/\" target=\"_blank\" rel=\"noopener\"><span style=\"color: #808080;\">\u2192 weiterlesen<\/span><\/a><\/div>\n\t\t\t\t\t\t\t\t\t<div class=\"elementor-tab-title elementor-tab-mobile-title\" aria-selected=\"false\" data-tab=\"2\" role=\"tab\" tabindex=\"-1\" aria-controls=\"elementor-tab-content-2292\" aria-expanded=\"false\">360\u00b0-Tour<\/div>\n\t\t\t\t\t<div id=\"elementor-tab-content-2292\" class=\"elementor-tab-content elementor-clearfix\" data-tab=\"2\" role=\"tabpanel\" aria-labelledby=\"elementor-tab-title-2292\" tabindex=\"0\" hidden=\"hidden\"><p><code><style>#pano477 div.pnlm-orientation-button {\n                    display: none;\n                }\n            .wpvr-floor-map .floor-plan-pointer.add-pulse:before {\n                border: 17px solid #cca92c;\n            }\n            @-webkit-keyframes pulse {\n                0% {\n                    -webkit-box-shadow: 0 0 0 0 rgba(204, 169, 44, 0.7);\n                }\n                70% {\n                    -webkit-box-shadow: 0 0 0 10px rgba(204, 169, 44, 0);\n                }\n                100% {\n                    -webkit-box-shadow: 0 0 0 0 rgba(204, 169, 44, 0);\n                }\n            }\n            @keyframes pulse {\n            0% {\n                -moz-box-shadow: 0 0 0 0 rgba(204, 169, 44, 0.7);\n                box-shadow: 0 0 0 0 rgba(204, 169, 44, 0.7);\n            }\n            70% {\n                -moz-box-shadow: 0 0 0 10px rgba(204, 169, 44, 0);\n                box-shadow: 0 0 0 10px rgba(204, 169, 44, 0);\n            }\n            100% {\n                -moz-box-shadow: 0 0 0 0 rgba(204, 169, 44, 0);\n                box-shadow: 0 0 0 0 rgba(204, 169, 44, 0);\n            }\n        }<\/style><div id=\"master-container\" class=\"wpvr-cardboard \" style=\"max-width:600px; width: 100%; height: 400px; border-radius:; direction:ltr; \"><div id=\"pano2477\" class=\"pano-wrap pano-left\" style=\"width: 49%; border-radius:\"><div id=\"center-pointer2477\" class=\"vr-pointer-container\"><span class=\"center-pointer\"><\/span><\/div><\/div><div id=\"pano477\" class=\"pano-wrap pano-right\" style=\"width: 100%;\"><div class=\"explainer\" id=\"explainer477\" style=\"display: none\"><span class=\"close-explainer-video\"><i class=\"fa fa-times\"><\/i><\/span><\/div><div class=\"wpvr-floor-map\" id=\"wpvr-floor-map477\" style=\"display: none\"><span class=\"close-floor-map-plan\"><i class=\"fa fa-times\"><\/i><\/span><img decoding=\"async\" loading=\"lazy\" src=\"\"><\/div><div class=\"wpvr-hotspot-tweak-contents-wrapper\" style=\"display: none\"><i class=\"fa fa-times cross\" data-id=\"477\"><\/i><div class=\"wpvr-hotspot-tweak-contents-flex\"><div class=\"wpvr-hotspot-tweak-contents\"><\/div><\/div><\/div><div class=\"custom-ifram-wrapper\" style=\"display: none;\"><i class=\"fa fa-times cross\" data-id=\"477\"><\/i><div class=\"custom-ifram-flex\"><div class=\"custom-ifram\"><\/div><\/div><\/div><\/div><\/div><script>(function ($) {jQuery(document).ready(function() {var response = [{\"panoid\":\"pano477\"},{\"autoLoad\":false,\"showControls\":true,\"orientationSupport\":\"false\",\"compass\":false,\"orientationOnByDefault\":false,\"mouseZoom\":true,\"draggable\":false,\"disableKeyboardCtrl\":false,\"keyboardZoom\":true,\"preview\":\"\",\"autoRotate\":\"-5\",\"default\":{\"firstScene\":\"kfl1\",\"sceneFadeDuration\":\"1000\"},\"scenes\":{\"kfl1\":{\"type\":\"equirectangular\",\"panorama\":\"http:\\\/\\\/glacio-live.ap4net.at\\\/wp-content\\\/uploads\\\/2020\\\/01\\\/Flk3_IMG_20191014_172136_060-scaled.jpg\",\"pitch\":null,\"yaw\":null,\"hfov\":100,\"maxHfov\":120,\"minHfov\":50,\"vaov\":180,\"haov\":360,\"hotSpots\":[{\"text\":\"kfl1_hs1\",\"pitch\":\" 24.5695330550402\",\"yaw\":\" -49.2333129666623\",\"type\":\"scene\",\"URL\":\"\",\"wpvr_url_open\":\"off\",\"clickHandlerArgs\":[],\"createTooltipArgs\":\"next\",\"sceneId\":\"kfl2\",\"targetPitch\":0,\"targetYaw\":0,\"hotspot_type\":\"scene\",\"hotspot_target\":\"notBlank\",\"hotspot_shape\":\"round\"}]},\"kfl2\":{\"type\":\"equirectangular\",\"panorama\":\"http:\\\/\\\/glacio-live.ap4net.at\\\/wp-content\\\/uploads\\\/2020\\\/01\\\/Flk2_IMG_20191014_161700_058-scaled.jpg\",\"pitch\":null,\"yaw\":null,\"hfov\":100,\"maxHfov\":120,\"minHfov\":50,\"vaov\":180,\"haov\":360,\"hotSpots\":[{\"text\":\"kfl2_hs1\",\"pitch\":\" -9.241156880846296\",\"yaw\":\" 101.43637856409815\",\"type\":\"scene\",\"URL\":\"\",\"wpvr_url_open\":\"off\",\"clickHandlerArgs\":[],\"createTooltipArgs\":\"go back\",\"sceneId\":\"kfl1\",\"targetPitch\":0,\"targetYaw\":0,\"hotspot_type\":\"scene\",\"hotspot_target\":\"notBlank\",\"hotspot_shape\":\"round\"},{\"text\":\"kfl2_hs2\",\"pitch\":\" 12.719424637962918\",\"yaw\":\" -24.32769968340837\",\"type\":\"scene\",\"URL\":\"\",\"wpvr_url_open\":\"off\",\"clickHandlerArgs\":[],\"createTooltipArgs\":\"go up to weather station\",\"sceneId\":\"kfl3\",\"targetPitch\":0,\"targetYaw\":0,\"hotspot_type\":\"scene\",\"hotspot_target\":\"notBlank\",\"hotspot_shape\":\"round\"}]},\"kfl3\":{\"type\":\"equirectangular\",\"panorama\":\"http:\\\/\\\/glacio-live.ap4net.at\\\/wp-content\\\/uploads\\\/2020\\\/01\\\/Flk1_IMG_20191014_134804_054-scaled.jpg\",\"pitch\":null,\"yaw\":null,\"hfov\":100,\"maxHfov\":120,\"minHfov\":50,\"vaov\":180,\"haov\":360,\"hotSpots\":[{\"text\":\"kfl1_hs1\",\"pitch\":\" -10.06922181020126\",\"yaw\":\" 127.05949636956645\",\"type\":\"scene\",\"URL\":\"\",\"wpvr_url_open\":\"off\",\"clickHandlerArgs\":[],\"createTooltipArgs\":\"go back\",\"sceneId\":\"kfl2\",\"targetPitch\":0,\"targetYaw\":0,\"hotspot_type\":\"scene\",\"hotspot_target\":\"notBlank\",\"hotspot_shape\":\"round\"}]}}}];var scenes = response[1];if(scenes) {var scenedata = scenes.scenes;for(var i in scenedata) {var scenehotspot = scenedata[i].hotSpots;for(var i = 0; i < scenehotspot.length; i++) {if(scenehotspot[i].type === \"info\") {    scenehotspot[i][\"clickHandlerFunc\"] = wpvrhotspot;} else if(scenehotspot[i].type === \"scene\") {    scenehotspot[i][\"clickHandlerArgs\"] = scenehotspot[i][\"text\"];if(wpvr_public.is_pro_active) {    scenehotspot[i][\"clickHandlerFunc\"] = wpvrhotspotscene;}}if(scenehotspot[i][\"createTooltipArgs\"] != \"\") {scenehotspot[i][\"createTooltipFunc\"] = wpvrtooltip;}}}}var panoshow477 = pannellum.viewer(response[0][\"panoid\"], scenes);var response_duplicate = [{\"panoid\":\"pano477\"},{\"autoLoad\":false,\"showControls\":true,\"orientationSupport\":\"false\",\"compass\":false,\"orientationOnByDefault\":false,\"mouseZoom\":true,\"draggable\":false,\"disableKeyboardCtrl\":false,\"keyboardZoom\":true,\"preview\":\"\",\"autoRotate\":false,\"default\":{\"firstScene\":\"kfl1\",\"sceneFadeDuration\":\"1000\"},\"scenes\":{\"kfl1\":{\"type\":\"equirectangular\",\"panorama\":\"http:\\\/\\\/glacio-live.ap4net.at\\\/wp-content\\\/uploads\\\/2020\\\/01\\\/Flk3_IMG_20191014_172136_060-scaled.jpg\",\"pitch\":null,\"yaw\":null,\"hfov\":100,\"maxHfov\":120,\"minHfov\":50,\"vaov\":180,\"haov\":360,\"hotSpots\":[{\"text\":\"kfl1_hs1\",\"pitch\":\" 24.5695330550402\",\"yaw\":\" -49.2333129666623\",\"type\":\"scene\",\"URL\":\"\",\"wpvr_url_open\":\"off\",\"clickHandlerArgs\":[],\"createTooltipArgs\":\"next\",\"sceneId\":\"kfl2\",\"targetPitch\":0,\"targetYaw\":0,\"hotspot_type\":\"scene\",\"hotspot_target\":\"notBlank\",\"hotspot_shape\":\"round\"}]},\"kfl2\":{\"type\":\"equirectangular\",\"panorama\":\"http:\\\/\\\/glacio-live.ap4net.at\\\/wp-content\\\/uploads\\\/2020\\\/01\\\/Flk2_IMG_20191014_161700_058-scaled.jpg\",\"pitch\":null,\"yaw\":null,\"hfov\":100,\"maxHfov\":120,\"minHfov\":50,\"vaov\":180,\"haov\":360,\"hotSpots\":[{\"text\":\"kfl2_hs1\",\"pitch\":\" -9.241156880846296\",\"yaw\":\" 101.43637856409815\",\"type\":\"scene\",\"URL\":\"\",\"wpvr_url_open\":\"off\",\"clickHandlerArgs\":[],\"createTooltipArgs\":\"go back\",\"sceneId\":\"kfl1\",\"targetPitch\":0,\"targetYaw\":0,\"hotspot_type\":\"scene\",\"hotspot_target\":\"notBlank\",\"hotspot_shape\":\"round\"},{\"text\":\"kfl2_hs2\",\"pitch\":\" 12.719424637962918\",\"yaw\":\" -24.32769968340837\",\"type\":\"scene\",\"URL\":\"\",\"wpvr_url_open\":\"off\",\"clickHandlerArgs\":[],\"createTooltipArgs\":\"go up to weather station\",\"sceneId\":\"kfl3\",\"targetPitch\":0,\"targetYaw\":0,\"hotspot_type\":\"scene\",\"hotspot_target\":\"notBlank\",\"hotspot_shape\":\"round\"}]},\"kfl3\":{\"type\":\"equirectangular\",\"panorama\":\"http:\\\/\\\/glacio-live.ap4net.at\\\/wp-content\\\/uploads\\\/2020\\\/01\\\/Flk1_IMG_20191014_134804_054-scaled.jpg\",\"pitch\":null,\"yaw\":null,\"hfov\":100,\"maxHfov\":120,\"minHfov\":50,\"vaov\":180,\"haov\":360,\"hotSpots\":[{\"text\":\"kfl1_hs1\",\"pitch\":\" -10.06922181020126\",\"yaw\":\" 127.05949636956645\",\"type\":\"scene\",\"URL\":\"\",\"wpvr_url_open\":\"off\",\"clickHandlerArgs\":[],\"createTooltipArgs\":\"go back\",\"sceneId\":\"kfl2\",\"targetPitch\":0,\"targetYaw\":0,\"hotspot_type\":\"scene\",\"hotspot_target\":\"notBlank\",\"hotspot_shape\":\"round\"}]}}}];var scenes_duplicate = response_duplicate[1];if(scenes_duplicate) {var scenedata = scenes_duplicate.scenes;for(var i in scenedata) {var scenehotspot = scenedata[i].hotSpots;for(var i = 0; i < scenehotspot.length; i++) {if(scenehotspot[i][\"clickHandlerArgs\"] != \"\") {scenehotspot[i][\"clickHandlerFunc\"] = wpvrhotspot;}if(scenehotspot[i][\"createTooltipArgs\"] != \"\") {scenehotspot[i][\"createTooltipFunc\"] = wpvrtooltip;}}}}var vr_mode = \"off\";jQuery(\"#pano477 .wpvr-floor-map .floor-plan-pointer\").on(\"click\",function(){\n           var scene_id = jQuery(this).attr(\"scene_id\");\n           panoshow477.loadScene(scene_id)\n           jQuery(\".floor-plan-pointer\").removeClass(\"add-pulse\")\n           jQuery(this).addClass(\"add-pulse\")\n        });panoshow477.on(\"mousemove\", function (data){\n            jQuery(\".add-pulse\").css({\"transform\":\"rotate(\"+data.yaw+\"deg)\"});\n        });\n    const node = document.querySelector(\".add-pulse\");\n        panoshow477.on(\"compasschange\", function (data){\n            \/\/ const node = document.querySelector(\".add-pulse\");\n            \/\/ node.style.transform = data;\n            \/\/ jQuery(\".add-pulse\").css({\"transform\":data});\n            });panoshow477.on(\"load\", function (){\n            \/\/ if(localStorage.getItem(\"vr_mode\") == \"off\") {\n            if(vr_mode == \"off\") {\n                  jQuery(\".vr-mode-title\").hide();\n                } else {\n                jQuery(\"#pano2477 .pnlm-compass.pnlm-controls.pnlm-control\").css(\"display\",\"none\");\n                jQuery(\"#pano477 .pnlm-compass.pnlm-controls.pnlm-control\").css(\"display\",\"none\");\n                jQuery(\"#pano2477 .pnlm-panorama-info\").hide();\n                jQuery(\"#pano477 .pnlm-panorama-info\").hide();\n                jQuery(\".vr-mode-title\").show();\n             }\n            setTimeout(() => {\n                window.dispatchEvent(new Event(\"resize\"));\n            }, 200);\n\t\t\t\t\t\tif (jQuery(\"#pano477\").children().children(\".pnlm-panorama-info:visible\").length > 0) {\n\t               jQuery(\"#controls477\").css(\"bottom\", \"55px\");\n\t           }\n\t           else {\n\t             jQuery(\"#controls477\").css(\"bottom\", \"5px\");\n\t           }\n\t\t\t\t\t});panoshow477.on(\"render\", function (){\n              window.dispatchEvent(new Event(\"resize\"));\n            });if (scenes.autoRotate) {\n\t\t\t\t\t\tpanoshow477.on(\"load\", function (){\n\t\t\t\t\t\t setTimeout(function(){ panoshow477.startAutoRotate(scenes.autoRotate, 0); }, 3000);\n\t\t\t\t\t\t});\n\t\t\t\t\t\tpanoshow477.on(\"scenechange\", function (){\n\t\t\t\t\t\t setTimeout(function(){ panoshow477.startAutoRotate(scenes.autoRotate, 0); }, 3000);\n\t\t\t\t\t\t});\n\t\t\t\t\t}var touchtime = 0;jQuery(document).on(\"click\",\"#explainer_button_477\",function() {\n                jQuery(\"#explainer477\").slideToggle();\n            });\n            jQuery(document).on(\"click\",\".close-explainer-video\",function() {\n                jQuery(this).parent(\".explainer\").hide();\n                var el_src = jQuery(\".vr-iframe\").attr(\"src\");\n                jQuery(\".vr-iframe\").attr(\"src\", el_src);\n              });jQuery(document).on(\"click\",\"#floor_map_button_477\",function() {\n                jQuery(\"#wpvr-floor-map477\").toggle().removeClass(\"fullwindow\");\n              });\n              jQuery(document).on(\"dblclick\",\"#wpvr-floor-map477\",function(){\n                jQuery(this).addClass(\"fullwindow\");\n                jQuery(this).parents(\".pano-wrap\").addClass(\"show-modal\");\n              });\n              jQuery(document).on(\"click\",\".close-floor-map-plan\",function() {\n                jQuery(this).parent(\".wpvr-floor-map\").hide();\n                jQuery(this).parent(\".wpvr-floor-map\").removeClass(\"fullwindow\");\n                jQuery(this).parents(\".pano-wrap\").removeClass(\"show-modal\");\n              });jQuery(document).ready(function($){\n\t\t              jQuery(\"#sccontrols477\").hide();\n                      jQuery(\".wpvr_slider_nav\").hide();\n\t\t              jQuery(\".vrgctrl477\").html('<i class=\"fa fa-angle-up\"><\/i>');\n\t\t          });var slide477 = \"down\";\n\t\t          jQuery(document).on(\"click\",\"#vrgcontrols477\",function() {\n\t\t            if (slide477 == \"up\") {\n\t\t              jQuery(\".vrgctrl477\").empty();\n\t\t              jQuery(\".vrgctrl477\").html('<i class=\"fa fa-angle-up\"><\/i>');\n\t\t              slide477 = \"down\";\n\t\t            }\n\t\t            else {\n\t\t              jQuery(\".vrgctrl477\").empty();\n\t\t              jQuery(\".vrgctrl477\").html('<i class=\"fa fa-angle-down\"><\/i>');\n\t\t              slide477 = \"up\";\n\t\t            }\n                    jQuery(\".wpvr_slider_nav\").slideToggle(); \n\t\t            jQuery(\"#sccontrols477\").slideToggle();\n\t\t          });jQuery(document).ready(function(){\n                    jQuery(\"#controls477\").hide();\n                    jQuery(\"#zoom-in-out-controls477\").hide();\n                    jQuery(\"#adcontrol477\").hide();\n                    jQuery(\"#explainer_button_477\").hide();\n                    jQuery(\"#floor_map_button_477\").hide();\n                    jQuery(\"#vrgcontrols477\").hide();\n                    jQuery(\"#pano477\").find(\".pnlm-panorama-info\").hide();\n                });panoshow477.on(\"load\", function (){\n                    jQuery(\"#controls477\").show();\n                    jQuery(\"#zoom-in-out-controls477\").show();\n                    jQuery(\"#adcontrol477\").show();\n                    jQuery(\"#explainer_button_477\").show();\n                    jQuery(\"#floor_map_button_477\").show();\n                    jQuery(\"#vrgcontrols477\").show();\n                    jQuery(\"#pano477\").find(\".pnlm-panorama-info\").show();\n            });jQuery(\".elementor-tab-title\").click(function(){\n                      var element_id;\n                      var pano_id;\n                      var element_id = this.id;\n                      element_id = element_id.split(\"-\");\n                      element_id = element_id[3];\n                      jQuery(\"#elementor-tab-content-\"+element_id).find(\"#master-container\").children(\"div\").eq(1).addClass(\"awwww\");\n                      var pano_id = jQuery(\".awwww\").attr(\"id\");\n                      jQuery(\"#elementor-tab-content-\"+element_id).find(\"#master-container\").children(\"div\").eq(1).removeClass(\"awwww\");;\n                      if (pano_id != undefined) {\n                        pano_id = pano_id.split(\"o\");\n                        pano_id = pano_id[1];\n                        if (pano_id == \"477\") {\n                          jQuery(\"#pano477\").children(\".pnlm-render-container\").remove();\n                          jQuery(\"#pano477\").children(\".pnlm-ui\").remove();\n                          panoshow477 = pannellum.viewer(response[0][\"panoid\"], scenes);\n                          jQuery(\"#pano477\").children(\".pnlm-ui\").find(\".pnlm-load-button p\").text(\"Click to Load Panorama\")\n                          setTimeout(function() {\n                                \/\/   panoshow477.loadScene(\"kfl1\");\n                                  window.dispatchEvent(new Event(\"resize\"));\n                                  if (jQuery(\"#pano477\").children().children(\".pnlm-panorama-info:visible\").length > 0) {\n                                       jQuery(\"#controls477\").css(\"bottom\", \"55px\");\n                                   } else {\n                                     jQuery(\"#controls477\").css(\"bottom\", \"5px\");\n                                   }\n                          }, 200);\n                        }\n                      }\n            });jQuery(\".geodir-tab-head dd, #vr-tour-tab\").click(function(){\n              jQuery(\"#pano477\").children(\".pnlm-render-container\").remove();\n              jQuery(\"#pano477\").children(\".pnlm-ui\").remove();\n              panoshow477 = pannellum.viewer(response[0][\"panoid\"], scenes);\n              setTimeout(function() {\n                      panoshow477.loadScene(\"kfl1\");\n                      window.dispatchEvent(new Event(\"resize\"));\n                      if (jQuery(\"#pano477\").children().children(\".pnlm-panorama-info:visible\").length > 0) {\n                           jQuery(\"#controls477\").css(\"bottom\", \"55px\");\n                       }\n                       else {\n                         jQuery(\"#controls477\").css(\"bottom\", \"5px\");\n                       }\n              }, 200);\n            });\n            jQuery(\"#pano477\").children(\".pnlm-ui\").find(\".pnlm-load-button p\").text(\"Click to Load Panorama\")\n            jQuery(\"#pano477 .pnlm-title-box\").on(\"mouseenter\", function(){\n                jQuery(this).attr(\"title\", jQuery(this).text());\n            });\n            jQuery(\"#pano477 .pnlm-title-box\").on(\"mouseleave\", function(){\n                jQuery(this).removeAttr(\"title\");\n            });});})(jQuery);<\/script><\/code><\/p><\/div>\n\t\t\t\t\t\t\t\t\t<div class=\"elementor-tab-title elementor-tab-mobile-title\" aria-selected=\"false\" data-tab=\"3\" role=\"tab\" tabindex=\"-1\" aria-controls=\"elementor-tab-content-2293\" aria-expanded=\"false\">Webcam 1<\/div>\n\t\t\t\t\t<div id=\"elementor-tab-content-2293\" class=\"elementor-tab-content elementor-clearfix\" data-tab=\"3\" role=\"tabpanel\" aria-labelledby=\"elementor-tab-title-2293\" tabindex=\"0\" hidden=\"hidden\"><iframe data-src=\"https:\/\/www.foto-webcam.eu\/webcam\/kleinfleisskees\/frame=1\" width=\"100%\" height=\"600\" scrolling=\"no\" src=\"data:image\/svg+xml;base64,PHN2ZyB3aWR0aD0iMSIgaGVpZ2h0PSIxIiB4bWxucz0iaHR0cDovL3d3dy53My5vcmcvMjAwMC9zdmciPjwvc3ZnPg==\" class=\"lazyload\" data-load-mode=\"1\">\n<\/iframe><\/div>\n\t\t\t\t\t\t\t\t\t<div class=\"elementor-tab-title elementor-tab-mobile-title\" aria-selected=\"false\" data-tab=\"4\" role=\"tab\" tabindex=\"-1\" aria-controls=\"elementor-tab-content-2294\" aria-expanded=\"false\">Webcam 2<\/div>\n\t\t\t\t\t<div id=\"elementor-tab-content-2294\" class=\"elementor-tab-content elementor-clearfix\" data-tab=\"4\" role=\"tabpanel\" aria-labelledby=\"elementor-tab-title-2294\" tabindex=\"0\" hidden=\"hidden\"><iframe data-src=\"https:\/\/www.foto-webcam.eu\/webcam\/sonnblick\/frame=1\" width=\"100%\" height=\"600\" scrolling=\"no\" src=\"data:image\/svg+xml;base64,PHN2ZyB3aWR0aD0iMSIgaGVpZ2h0PSIxIiB4bWxucz0iaHR0cDovL3d3dy53My5vcmcvMjAwMC9zdmciPjwvc3ZnPg==\" class=\"lazyload\" data-load-mode=\"1\">\n<\/iframe><\/div>\n\t\t\t\t\t\t\t\t\t<div class=\"elementor-tab-title elementor-tab-mobile-title\" aria-selected=\"false\" data-tab=\"5\" role=\"tab\" tabindex=\"-1\" aria-controls=\"elementor-tab-content-2295\" aria-expanded=\"false\">Daten<\/div>\n\t\t\t\t\t<div id=\"elementor-tab-content-2295\" class=\"elementor-tab-content elementor-clearfix\" data-tab=\"5\" role=\"tabpanel\" aria-labelledby=\"elementor-tab-title-2295\" tabindex=\"0\" hidden=\"hidden\"><iframe data-src=\"http:\/\/glacio-live.at\/zamg\/data\/getdatasmall.php?station=FLK_10\" width=\"100%\" height=\"600\" scrolling=\"no\" src=\"data:image\/svg+xml;base64,PHN2ZyB3aWR0aD0iMSIgaGVpZ2h0PSIxIiB4bWxucz0iaHR0cDovL3d3dy53My5vcmcvMjAwMC9zdmciPjwvc3ZnPg==\" class=\"lazyload\" data-load-mode=\"1\">\n<\/iframe><\/div>\n\t\t\t\t\t\t\t<\/div>\n\t\t<\/div>\n\t\t\t\t\t\t<\/div>\n\t\t\t\t<\/div>\n\t\t\t\t\t<\/div>\n\t\t<\/div>\n\t\t\t\t\t<\/div>\n\t\t<\/section>\n\t\t\t\t<\/div>\n\t\t","protected":false},"excerpt":{"rendered":"<p>Kleinflei\u00dfkees 360\u00b0-Tour Webcam 1 Webcam 2 Daten Kleinflei\u00dfkees Geschichte Das Kleinflei\u00dfkees mit einer Gesamtfl\u00e4che von 0,79 km\u00b2 (2015) liegt in den Hohen Tauern als Teil &hellip; <\/p>\n<p class=\"link-more\"><a href=\"https:\/\/glacio-live.ap4net.at\/index.php\/de\/kleinfleiskees-d\/\" class=\"more-link\">Continue reading<span class=\"screen-reader-text\"> &#8220;Kleinflei\u00dfkees&#8221;<\/span><\/a><\/p>\n","protected":false},"author":1,"featured_media":0,"parent":0,"menu_order":0,"comment_status":"closed","ping_status":"closed","template":"elementor_header_footer","meta":{"footnotes":""},"class_list":["post-755","page","type-page","status-publish","hentry"],"_links":{"self":[{"href":"https:\/\/glacio-live.ap4net.at\/index.php\/wp-json\/wp\/v2\/pages\/755","targetHints":{"allow":["GET"]}}],"collection":[{"href":"https:\/\/glacio-live.ap4net.at\/index.php\/wp-json\/wp\/v2\/pages"}],"about":[{"href":"https:\/\/glacio-live.ap4net.at\/index.php\/wp-json\/wp\/v2\/types\/page"}],"author":[{"embeddable":true,"href":"https:\/\/glacio-live.ap4net.at\/index.php\/wp-json\/wp\/v2\/users\/1"}],"replies":[{"embeddable":true,"href":"https:\/\/glacio-live.ap4net.at\/index.php\/wp-json\/wp\/v2\/comments?post=755"}],"version-history":[{"count":15,"href":"https:\/\/glacio-live.ap4net.at\/index.php\/wp-json\/wp\/v2\/pages\/755\/revisions"}],"predecessor-version":[{"id":1753,"href":"https:\/\/glacio-live.ap4net.at\/index.php\/wp-json\/wp\/v2\/pages\/755\/revisions\/1753"}],"wp:attachment":[{"href":"https:\/\/glacio-live.ap4net.at\/index.php\/wp-json\/wp\/v2\/media?parent=755"}],"curies":[{"name":"wp","href":"https:\/\/api.w.org\/{rel}","templated":true}]}}